{"id":930,"date":"2020-01-25T09:56:55","date_gmt":"2020-01-25T05:56:55","guid":{"rendered":"https:\/\/azeri-theatre.ge\/?page_id=930"},"modified":"2021-09-14T12:41:00","modified_gmt":"2021-09-14T08:41:00","slug":"about-us","status":"publish","type":"page","link":"https:\/\/azeri-theatre.ge\/?page_id=930&lang=az","title":{"rendered":"bizim haqq\u0131m\u0131zda"},"content":{"rendered":"\t\t<div data-elementor-type=\"wp-page\" data-elementor-id=\"930\" class=\"elementor elementor-930\" data-elementor-settings=\"[]\">\n\t\t\t\t\t\t\t<div class=\"elementor-section-wrap\">\n\t\t\t\t\t\t\t<section class=\"elementor-section elementor-top-section elementor-element elementor-element-80356f6 elementor-section-full_width elementor-section-stretched elementor-section-height-default elementor-section-height-default\" data-id=\"80356f6\" data-element_type=\"section\" data-settings=\"{&quot;stretch_section&quot;:&quot;section-stretched&quot;}\">\n\t\t\t\t\t\t<div class=\"elementor-container elementor-column-gap-default\">\n\t\t\t\t\t<div class=\"elementor-column elementor-col-100 elementor-top-column elementor-element elementor-element-df1c9ad\" data-id=\"df1c9ad\" data-element_type=\"column\">\n\t\t\t<div class=\"elementor-widget-wrap elementor-element-populated\">\n\t\t\t\t\t\t\t\t<div class=\"elementor-element elementor-element-a04843f elementor-widget elementor-widget-spacer\" data-id=\"a04843f\" data-element_type=\"widget\" data-widget_type=\"spacer.default\">\n\t\t\t\t<div class=\"elementor-widget-container\">\n\t\t\t\t\t<div class=\"elementor-spacer\">\n\t\t\t<div class=\"elementor-spacer-inner\"><\/div>\n\t\t<\/div>\n\t\t\t\t<\/div>\n\t\t\t\t<\/div>\n\t\t\t\t\t<\/div>\n\t\t<\/div>\n\t\t\t\t\t\t\t<\/div>\n\t\t<\/section>\n\t\t\t\t<section class=\"elementor-section elementor-top-section elementor-element elementor-element-c28a475 elementor-section-boxed elementor-section-height-default elementor-section-height-default\" data-id=\"c28a475\" data-element_type=\"section\" data-settings=\"{&quot;background_background&quot;:&quot;classic&quot;}\">\n\t\t\t\t\t\t<div class=\"elementor-container elementor-column-gap-default\">\n\t\t\t\t\t<div class=\"elementor-column elementor-col-50 elementor-top-column elementor-element elementor-element-f3cd94c\" data-id=\"f3cd94c\" data-element_type=\"column\">\n\t\t\t<div class=\"elementor-widget-wrap elementor-element-populated\">\n\t\t\t\t\t\t\t\t<div class=\"elementor-element elementor-element-7ce660a elementor-widget elementor-widget-heading\" data-id=\"7ce660a\" data-element_type=\"widget\" data-widget_type=\"heading.default\">\n\t\t\t\t<div class=\"elementor-widget-container\">\n\t\t\t<h4 class=\"elementor-heading-title elementor-size-default\"><span>bizim haqq\u0131m\u0131zda<\/span>\nTbilisi D\u00f6vl\u0259t Az\u0259rbaycan Dram Teatr\u0131\n(Teatr\u0131n q\u0131sa tarixi)\n<\/h4>\t\t<\/div>\n\t\t\t\t<\/div>\n\t\t\t\t<div class=\"elementor-element elementor-element-88333bf elementor-widget elementor-widget-text-editor\" data-id=\"88333bf\" data-element_type=\"widget\" data-widget_type=\"text-editor.default\">\n\t\t\t\t<div class=\"elementor-widget-container\">\n\t\t\t\t\t\t\t<p><strong>Az\u0259rbaycan klassik dramaturgiyas\u0131n\u0131n ilk n\u00fcmun\u0259si olan alt\u0131 m\u0259\u015fhur komediya on doqquzuncu \u0259srin ortalar\u0131nda M.F.Axundov t\u0259r\u0259find\u0259n Tbilisid\u0259 q\u0259l\u0259m\u0259 al\u0131nm\u0131\u015fd\u0131r.<\/strong><\/p><p><strong>Arxiv s\u0259n\u0259dl\u0259rind\u0259n, d\u00f6vr\u00fcn m\u0259tbuat\u0131n\u0131n verdiyi x\u0259b\u0259rl\u0259rd\u0259n, xatir\u0259l\u0259rd\u0259n, m\u0259qal\u0259 v\u0259 ciddi elmi t\u0259dqiqatlardan m\u0259lum olur ki, 1872-ci ild\u0259 Baronb\u0259yovun karvansaray\u0131nda Tbilisi Az\u0259rbaycan ziyal\u0131lar\u0131n\u0131n qabaqc\u0131l n\u00fcmay\u0259nd\u0259l\u0259rind\u0259n bir qrupunun t\u0259\u015f\u0259bb\u00fcs\u00fc v\u0259 i\u015ftirak\u0131 il\u0259 M.F.Axundov &#8220;V\u0259ziri &#8211; xani &#8211; S\u0259rab&#8221; (o zaman &#8220;Hekay\u0259ti v\u0259ziri-xani-L\u0259nk\u0259ran&#8221; komediyas\u0131 bel\u0259 adlan\u0131rd\u0131) \u0259s\u0259rinin \u00fc\u00e7\u00fcnc\u00fc p\u0259rd\u0259si tama\u015faya qoyulmu\u015fdur.<\/strong><\/p><p><strong>Tbilisi D\u00f6vl\u0259t Az\u0259rbaycan Dram Teatr\u0131 2004-c\u00fc il iyun ay\u0131n\u0131n 30-da 57 illik fasil\u0259d\u0259n sonra yenid\u0259n \u00f6z f\u0259aliyy\u0259tin\u0259 ba\u015flam\u0131\u015fd\u0131r. Birinci tama\u015fadan ba\u015flayaraq 20-ci y\u00fczilliyin \u0259vv\u0259ll\u0259rin\u0259 q\u0259d\u0259r teatrda qad\u0131n aktyorlar olmad\u0131\u011f\u0131ndan bu rollar\u0131 ki\u015fil\u0259r oynamal\u0131 olurdular.<\/strong><\/p><p><strong>\u0130yirminci \u0259srin \u0259vv\u0259ll\u0259rind\u0259n profesionalla\u015fma\u011fa ba\u015flayan Tbilisi Az\u0259rbaycan Teatr\u0131n\u0131n tama\u015falar\u0131na az\u0259rbaycanl\u0131 qad\u0131n aktyorlar c\u0259lb olunur, orada habel\u0259 Az\u0259rbaycan dilini yax\u015f\u0131 bil\u0259n v\u0259 teatra \u00fcr\u0259kd\u0259n ba\u011fl\u0131 olan m\u00fcxt\u0259lif mill\u0259tl\u0259rin n\u00fcmay\u0259nd\u0259l\u0259rind\u0259n ibar\u0259t qad\u0131nlar u\u011furla \u00e7\u0131x\u0131\u015f edirl\u0259r. Teatr G\u00fcrc\u00fc Dvoryan teatr\u0131, Kozyonn\u0131 teatr, Artistl\u0259r C\u0259miyy\u0259ti, Zubalov ad\u0131na Xalq Evi, Mir, Avlabar Palas v\u0259 sairl\u0259rin s\u0259hn\u0259l\u0259rind\u0259n tama\u015falar g\u00f6st\u0259rirdi.<\/strong><\/p><p><strong>Tbilisi Az\u0259rbaycan teatr\u0131 1910 -cu ild\u0259n Zubalov ad\u0131na\u00a0 Xalq Evinin (\u0130ndi burada K.Marcani\u015fvili ad\u0131na teatr yerl\u0259\u015fir) r\u0259smi \u00fczv\u00fc idi. Teatr burada v\u0259 G\u00fcrc\u00fc teatr\u0131n\u0131n (indiki Qriboyedov ad\u0131na teatr) s\u0259hn\u0259sind\u0259 m\u0259\u015fhur g\u00fcrc\u00fc aktyoru Vaso Aba\u015fidze, yaz\u0131\u00e7\u0131 \u015ealva Dadiani, ictimai xadim v\u0259 aktyor Valerian Qunian\u0131n t\u0259\u015f\u0259bb\u00fcs\u00fc v\u0259 k\u00f6m\u0259yi il\u0259 ayda iki-\u00fc\u00e7 d\u0259f\u0259 \u00e7\u0131x\u0131\u015f etm\u0259y\u0259 icaz\u0259 ald\u0131.<\/strong><\/p><p><strong>Az\u0259rbaycan\u0131n g\u00f6rk\u0259mli s\u0259hn\u0259 xadiml\u0259rind\u0259n H\u00fcseyn \u018fr\u0259blinski, \u018fb\u00fclf\u0259t V\u0259li, Sidqi Ruhulla, H\u00fcseynqulu Sarubski v\u0259 b. \u0259srin \u0259vv\u0259ll\u0259rind\u0259 tez-tez Tbilisiy\u0259 qastrola g\u0259lm\u0259si Tbilisi Az\u0259rbaycan teatr\u0131n\u0131n inki\u015faf\u0131nda az rol oynamam\u0131\u015fd\u0131r.<\/strong><\/p><p><strong>G\u00fcrc\u00fc teatr xadiml\u0259ri Az\u0259rbaycan teatr\u0131n\u0131n i\u015fini diqq\u0259tl\u0259 izl\u0259yir, \u00f6zl\u0259rinin bilavasit\u0259 i\u015ftiraklar\u0131 v\u0259 m\u0259sl\u0259h\u0259tl\u0259ri il\u0259 teatra v\u0259 tama\u015falar\u0131n yarad\u0131c\u0131lar\u0131na k\u00f6m\u0259k edirdil\u0259r. G\u00f6rk\u0259mli g\u00fcrc\u00fc aktyoru Vaso Aba\u015fidzenin q\u0131z\u0131, sonralar xalq artisti olmu\u015f Taso Aba\u015fidze az\u0259rbaycanl\u0131 kolleqalar\u0131 il\u0259 birlikd\u0259 Az\u0259rbaycan tama\u015falar\u0131nda oynay\u0131rd\u0131.<\/strong><\/p><p><strong>Tbilisi Az\u0259rbaycan teatr\u0131n\u0131n repertuar\u0131n\u0131 \u0259sas\u0259n milli \u0259s\u0259rl\u0259r t\u0259\u015fkil edirdi. Bundan ba\u015fqa, rus, Avropa v\u0259 d\u00fcnya dramaturgias\u0131n\u0131n \u0259n yax\u015f\u0131 n\u00fcmun\u0259l\u0259ri d\u0259 t\u0259rc\u00fcm\u0259 v\u0259 t\u0259bdil yolu il\u0259 tama\u015faya qoyulurdu. Onlar\u0131 tama\u015faya t\u0259cr\u00fcb\u0259li rejissorlar \u0130.\u0130sfahanl\u0131, A.Tuqanov, M.Kirman\u015fahl\u0131, Y.Ulduz v\u0259 ba\u015fqalar\u0131 haz\u0131rlay\u0131rd\u0131lar. \u015eekspir, \u015eiller, Molyer, Qoqol, Ostrovski, \u00c7exov v\u0259 b. teatr\u0131n sevimli m\u00fc\u0259llifl\u0259ri idil\u0259r.<\/strong><\/p><p><strong>Teatr\u0131n kollektivi \u00e7ox m\u0259hsuldar i\u015fl\u0259yirdi. 1912-1913-c\u00fc il m\u00f6vs\u00fcm\u00fcnd\u0259 tama\u015fa\u00e7\u0131lara q\u0131rxdan art\u0131q \u0259s\u0259r t\u0259qdim edilmi\u015fdi. 1929-1930-cu ill\u0259r m\u00f6vs\u00fcm\u00fcnd\u0259 is\u0259 teatr h\u0259ft\u0259d\u0259 bir d\u0259f\u0259 \u00f6z tama\u015falar\u0131n\u0131 g\u00f6st\u0259rdiyi Rustaveli teatr\u0131nda iyirmi bir, N.N\u0259rimanov klubinda is\u0259 on adda pyes tama\u015faya qoymu\u015fdu.<\/strong><\/p><p><strong>1922-ci ild\u0259 teatra M.F.Axundov ad\u0131na Tbilisi D\u00f6vl\u0259t T\u00fcrk Dram Teatr\u0131 ad\u0131 verildi. Tbilisi Az\u0259rbaycan teatr\u0131n\u0131n kollektivi, fealiyy\u0259ti dayand\u0131r\u0131lana q\u0259d\u0259r, G\u00fcrc\u00fcstan\u0131n x\u00fcsusil\u0259 az\u0259rbaycanl\u0131lar ya\u015fayan rayonlar\u0131nda, Az\u0259rbaycanda, Erm\u0259nistanda, Volqa boyunda (H\u0259\u015ft\u0259rxan, Saratov, Samara, Kazan v\u0259 b) Orta Asiyada (Krasnovodsk, A\u015fqabad, M\u0259rv, S\u0259m\u0259rq\u0259nd, Buxara, Da\u015fk\u0259nd v\u0259 b). Iran v\u0259 T\u00fcrkiy\u0259d\u0259 u\u011furla qastrol s\u0259f\u0259rl\u0259rind\u0259 olmu\u015fdur.<\/strong><\/p><p><strong>M.F.Axundov ad\u0131na Tbilisi Az\u0259rbaycan Musiqili Dram Teatr\u0131 f\u0259aliyy\u0259t g\u00f6st\u0259rdiyi\u00a0 75 il m\u00fcdd\u0259tind\u0259 Mirz\u0259li Abbasov, \u018f\u015fr\u0259f Y\u00fczba\u015fov, H\u0259bib K\u00f6\u00e7\u0259rli, Mirz\u0259xan Quliyev, Mirza\u011fa \u018fliyev, Mustafa M\u0259rdanov, Mirseyfeddin Kirman\u015fahl\u0131, \u0130smay\u0131l H\u0259qqi, Solmaz Orlinskaya, \u018flimirz\u0259 N\u0259rimanov, \u0130brahim \u0130sfahanl\u0131, Taso Aba\u015fidze v\u0259 ba\u015fqalar\u0131 kimi q\u00fcdr\u0259tli s\u0259n\u0259tkarlar yeti\u015fdirmi\u015fdir ki, bunlar\u0131n \u0259ks\u0259riyy\u0259ti Xalq artisti, \u018fm\u0259kdar artist v\u0259\u018fm\u0259kdar m\u0259d\u0259niyy\u0259t xadimi kimi y\u00fcks\u0259k ada layiq g\u00f6r\u00fclm\u00fc\u015fd\u00fcr.<\/strong><\/p>\t\t\t\t\t\t<\/div>\n\t\t\t\t<\/div>\n\t\t\t\t\t<\/div>\n\t\t<\/div>\n\t\t\t\t<div class=\"elementor-column elementor-col-50 elementor-top-column elementor-element elementor-element-477c22b elementor-hidden-tablet elementor-hidden-phone\" data-id=\"477c22b\" data-element_type=\"column\">\n\t\t\t<div class=\"elementor-widget-wrap elementor-element-populated\">\n\t\t\t\t\t\t\t\t<div class=\"elementor-element elementor-element-95a99e9 elementor-widget elementor-widget-image\" data-id=\"95a99e9\" data-element_type=\"widget\" data-widget_type=\"image.default\">\n\t\t\t\t<div class=\"elementor-widget-container\">\n\t\t\t\t\t\t\t\t\t\t\t\t\t\t\t<img decoding=\"async\" src=\"https:\/\/azeri-theatre.ge\/wp-content\/uploads\/2020\/01\/turini-min-1.jpg\" title=\"turini-min (1)\" alt=\"turini-min (1)\" \/>\t\t\t\t\t\t\t\t\t\t\t\t\t\t\t<\/div>\n\t\t\t\t<\/div>\n\t\t\t\t<div class=\"elementor-element elementor-element-b42e7ab elementor-widget elementor-widget-image\" data-id=\"b42e7ab\" data-element_type=\"widget\" data-widget_type=\"image.default\">\n\t\t\t\t<div class=\"elementor-widget-container\">\n\t\t\t\t\t\t\t\t\t\t\t\t\t\t\t<img decoding=\"async\" src=\"https:\/\/azeri-theatre.ge\/wp-content\/uploads\/2020\/01\/AFISHA-jpg-min-1.jpg\" title=\"AFISHA jpg-min (1)\" alt=\"AFISHA jpg-min (1)\" \/>\t\t\t\t\t\t\t\t\t\t\t\t\t\t\t<\/div>\n\t\t\t\t<\/div>\n\t\t\t\t<div class=\"elementor-element elementor-element-b422be9 elementor-widget elementor-widget-image\" data-id=\"b422be9\" data-element_type=\"widget\" data-widget_type=\"image.default\">\n\t\t\t\t<div class=\"elementor-widget-container\">\n\t\t\t\t\t\t\t\t\t\t\t\t\t\t\t<img decoding=\"async\" src=\"https:\/\/azeri-theatre.ge\/wp-content\/uploads\/2020\/01\/\u10db\u10dd\u10db\u10d9\u10d0\u10da-\u10db\u10dd\u10db\u10d9\u10d0\u10da-\u10e9\u10d4\u10db\u10dd-\u10d9\u10d0\u10e0\u10d2\u10dd_page-0001-min-1.jpg\" title=\"\u10db\u10dd\u10db\u10d9\u10d0\u10da \u10db\u10dd\u10db\u10d9\u10d0\u10da \u10e9\u10d4\u10db\u10dd \u10d9\u10d0\u10e0\u10d2\u10dd_page-0001-min (1)\" alt=\"\u10db\u10dd\u10db\u10d9\u10d0\u10da \u10db\u10dd\u10db\u10d9\u10d0\u10da \u10e9\u10d4\u10db\u10dd \u10d9\u10d0\u10e0\u10d2\u10dd_page-0001-min (1)\" \/>\t\t\t\t\t\t\t\t\t\t\t\t\t\t\t<\/div>\n\t\t\t\t<\/div>\n\t\t\t\t\t<\/div>\n\t\t<\/div>\n\t\t\t\t\t\t\t<\/div>\n\t\t<\/section>\n\t\t\t\t\t\t<\/div>\n\t\t\t\t\t<\/div>\n\t\t","protected":false},"excerpt":{"rendered":"<p>bizim haqq\u0131m\u0131zda Tbilisi D\u00f6vl\u0259t Az\u0259rbaycan Dram Teatr\u0131 (Teatr\u0131n q\u0131sa tarixi) Az\u0259rbaycan klassik dramaturgiyas\u0131n\u0131n ilk n\u00fcmun\u0259si olan alt\u0131 m\u0259\u015fhur komediya on doqquzuncu \u0259srin ortalar\u0131nda M.F.Axundov t\u0259r\u0259find\u0259n Tbilisid\u0259 q\u0259l\u0259m\u0259 al\u0131nm\u0131\u015fd\u0131r. Arxiv s\u0259n\u0259dl\u0259rind\u0259n, d\u00f6vr\u00fcn m\u0259tbuat\u0131n\u0131n verdiyi x\u0259b\u0259rl\u0259rd\u0259n, xatir\u0259l\u0259rd\u0259n, m\u0259qal\u0259 v\u0259 ciddi elmi t\u0259dqiqatlardan m\u0259lum olur ki, 1872-ci ild\u0259 Baronb\u0259yovun karvansaray\u0131nda Tbilisi Az\u0259rbaycan ziyal\u0131lar\u0131n\u0131n qabaqc\u0131l n\u00fcmay\u0259nd\u0259l\u0259rind\u0259n bir qrupunun t\u0259\u015f\u0259bb\u00fcs\u00fc&#8230;<\/p>\n","protected":false},"author":1,"featured_media":0,"parent":0,"menu_order":0,"comment_status":"closed","ping_status":"closed","template":"","meta":{"footnotes":""},"class_list":["post-930","page","type-page","status-publish","hentry"],"_links":{"self":[{"href":"https:\/\/azeri-theatre.ge\/index.php?rest_route=\/wp\/v2\/pages\/930","targetHints":{"allow":["GET"]}}],"collection":[{"href":"https:\/\/azeri-theatre.ge\/index.php?rest_route=\/wp\/v2\/pages"}],"about":[{"href":"https:\/\/azeri-theatre.ge\/index.php?rest_route=\/wp\/v2\/types\/page"}],"author":[{"embeddable":true,"href":"https:\/\/azeri-theatre.ge\/index.php?rest_route=\/wp\/v2\/users\/1"}],"replies":[{"embeddable":true,"href":"https:\/\/azeri-theatre.ge\/index.php?rest_route=%2Fwp%2Fv2%2Fcomments&post=930"}],"version-history":[{"count":11,"href":"https:\/\/azeri-theatre.ge\/index.php?rest_route=\/wp\/v2\/pages\/930\/revisions"}],"predecessor-version":[{"id":1305,"href":"https:\/\/azeri-theatre.ge\/index.php?rest_route=\/wp\/v2\/pages\/930\/revisions\/1305"}],"wp:attachment":[{"href":"https:\/\/azeri-theatre.ge\/index.php?rest_route=%2Fwp%2Fv2%2Fmedia&parent=930"}],"curies":[{"name":"wp","href":"https:\/\/api.w.org\/{rel}","templated":true}]}}